{"id":22626,"date":"2025-09-04T13:03:08","date_gmt":"2025-09-04T13:03:08","guid":{"rendered":"https:\/\/nat20crafts.com\/mentions-legales\/"},"modified":"2025-09-04T13:23:09","modified_gmt":"2025-09-04T13:23:09","slug":"mentions-legales","status":"publish","type":"page","link":"https:\/\/nat20crafts.com\/fr\/mentions-legales\/","title":{"rendered":"MENTIONS L\u00c9GALES"},"content":{"rendered":"\t\t<div data-elementor-type=\"wp-page\" data-elementor-id=\"22626\" class=\"elementor elementor-22626 elementor-22621\" data-elementor-post-type=\"page\">\n\t\t\t\t<div class=\"elementor-element elementor-element-3bde1b05 e-flex e-con-boxed e-con e-parent\" data-id=\"3bde1b05\" data-element_type=\"container\" data-e-type=\"container\">\n\t\t\t\t\t<div class=\"e-con-inner\">\n\t\t\t\t<div class=\"elementor-element elementor-element-86fadcc elementor-widget elementor-widget-heading\" data-id=\"86fadcc\" data-element_type=\"widget\" data-e-type=\"widget\" data-widget_type=\"heading.default\">\n\t\t\t\t\t<h1 class=\"elementor-heading-title elementor-size-default\">MENTIONS L\u00c9GALES<\/h1>\t\t\t\t<\/div>\n\t\t\t\t<div class=\"elementor-element elementor-element-6a4cfc8 elementor-widget__width-initial elementor-widget elementor-widget-text-editor\" data-id=\"6a4cfc8\" data-element_type=\"widget\" data-e-type=\"widget\" data-widget_type=\"text-editor.default\">\n\t\t\t\t\t\t\t\t\t<p data-start=\"257\" data-end=\"429\"><strong data-start=\"257\" data-end=\"427\">Conform\u00e9ment aux dispositions de la Loi 34\/2002 du 11 juillet, relative aux Services de la Soci\u00e9t\u00e9 de l&rsquo;Information et au Commerce \u00c9lectronique (LSSI-CE), les informations suivantes sont fournies :<\/strong><\/p><h4 data-start=\"436\" data-end=\"456\">1. Propri\u00e9taire du site web<\/h4><ul data-start=\"457\" data-end=\"686\"><li data-start=\"457\" data-end=\"492\"><p data-start=\"459\" data-end=\"492\"><strong data-start=\"459\" data-end=\"473\">Nom complet :<\/strong> Ruth meridjen<\/p><\/li><li data-start=\"493\" data-end=\"533\"><p data-start=\"495\" data-end=\"533\"><strong data-start=\"495\" data-end=\"516\">Num\u00e9ro d&rsquo;identification fiscale (NIF\/DNI) :<\/strong> Z0792933J<\/p><\/li><li data-start=\"534\" data-end=\"586\"><p data-start=\"536\" data-end=\"586\"><strong data-start=\"536\" data-end=\"551\">Nom commercial :<\/strong> Nat20Crafts<\/p><\/li><li data-start=\"587\" data-end=\"618\"><p data-start=\"589\" data-end=\"618\"><strong data-start=\"589\" data-end=\"601\">Adresse :<\/strong> carrer 142, 11, La Canada, Valencia Spain 46182<\/p><\/li><li data-start=\"619\" data-end=\"653\"><p data-start=\"621\" data-end=\"653\"><strong data-start=\"621\" data-end=\"631\">E-mail :<\/strong> info@nat20crafts.com<\/p><\/li><li data-start=\"654\" data-end=\"686\"><p data-start=\"656\" data-end=\"686\"><strong data-start=\"656\" data-end=\"666\">T\u00e9l\u00e9phone :<\/strong> +34 672 33 35 59<\/p><\/li><\/ul><h4 data-start=\"880\" data-end=\"894\">2. Objet<\/h4><p data-start=\"895\" data-end=\"1067\">Ce site web a pour objet de fournir des informations sur les produits et services propos\u00e9s par le propri\u00e9taire, ainsi que de permettre aux utilisateurs de les acheter via la boutique en ligne.<\/p><h4 data-start=\"1074\" data-end=\"1093\">3. Conditions d&rsquo;utilisation<\/h4><p data-start=\"1094\" data-end=\"1216\">L&rsquo;acc\u00e8s et l&rsquo;utilisation de ce site web conf\u00e8rent \u00e0 l&rsquo;utilisateur le statut d&rsquo;\u00ab utilisateur \u00bb et impliquent l&rsquo;acceptation pleine et enti\u00e8re de ces conditions d&rsquo;utilisation.<\/p><p data-start=\"1218\" data-end=\"1429\">Les utilisateurs s&rsquo;engagent \u00e0 utiliser le site web, son contenu et ses services conform\u00e9ment \u00e0 la loi applicable, \u00e0 la bonne foi et \u00e0 l&rsquo;ordre public, et \u00e0 s&rsquo;abstenir de toute action susceptible de porter atteinte aux droits du propri\u00e9taire ou de tiers.<\/p><h4 data-start=\"1436\" data-end=\"1452\">4. Responsabilit\u00e9<\/h4><p data-start=\"1453\" data-end=\"1718\">Le propri\u00e9taire du site web n&rsquo;est pas responsable du contenu publi\u00e9 par des tiers dans les forums, commentaires ou r\u00e9seaux sociaux associ\u00e9s au site. Cependant, le propri\u00e9taire s&rsquo;engage \u00e0 supprimer le contenu qui viole la loi, les droits de tiers ou l&rsquo;ordre public sur notification. <\/p><h4 data-start=\"1725\" data-end=\"1768\">5. Propri\u00e9t\u00e9 intellectuelle et industrielle<\/h4><p data-start=\"1769\" data-end=\"2029\">Tout le contenu de ce site web (textes, images, logos, ic\u00f4nes, logiciels, etc.) appartient au propri\u00e9taire du site web ou est utilis\u00e9 avec autorisation. Toute reproduction, distribution, communication publique ou modification du contenu sans autorisation expresse est interdite. <\/p><h4 data-start=\"2036\" data-end=\"2060\">6. Liens vers des tiers<\/h4><p data-start=\"2061\" data-end=\"2218\">Le propri\u00e9taire du site web n&rsquo;est pas responsable du contenu fourni par des sites web tiers accessibles via des liens. Ces liens sont fournis uniquement pour la commodit\u00e9 de l&rsquo;utilisateur. <\/p><h4 data-start=\"2225\" data-end=\"2256\">7. Protection des donn\u00e9es personnelles<\/h4><p data-start=\"2257\" data-end=\"2435\">Toutes les donn\u00e9es personnelles fournies par les utilisateurs seront trait\u00e9es conform\u00e9ment \u00e0 la <strong data-start=\"2334\" data-end=\"2375\">Loi espagnole sur la protection des donn\u00e9es (LOPDGDD)<\/strong> et au <strong data-start=\"2384\" data-end=\"2432\">R\u00e8glement g\u00e9n\u00e9ral sur la protection des donn\u00e9es de l&rsquo;UE (RGPD)<\/strong>. Pour plus d&rsquo;informations, veuillez consulter notre <a href=\"https:\/\/nat20crafts.com\/fr\/politique-de-confidentialite\/\">Politique de confidentialit\u00e9<\/a>. <\/p><h4 data-start=\"2504\" data-end=\"2541\">8. Droit applicable et juridiction<\/h4><p data-start=\"2542\" data-end=\"2684\">Tout litige li\u00e9 \u00e0 ce site web sera r\u00e9gi par le droit espagnol, et les tribunaux du domicile du propri\u00e9taire du site web auront comp\u00e9tence.<\/p>\t\t\t\t\t\t\t\t<\/div>\n\t\t\t\t\t<\/div>\n\t\t\t\t<\/div>\n\t\t\t\t<\/div>\n\t\t","protected":false},"excerpt":{"rendered":"<p>MENTIONS L\u00c9GALES Conform\u00e9ment aux dispositions de la Loi 34\/2002 du 11 juillet, relative aux Services de la Soci\u00e9t\u00e9 de l&rsquo;Information et au Commerce \u00c9lectronique (LSSI-CE), les informations suivantes sont fournies : 1. Propri\u00e9taire du site web Nom complet : Ruth meridjen Num\u00e9ro d&rsquo;identification fiscale (NIF\/DNI) : Z0792933J Nom commercial : Nat20Crafts Adresse : carrer 142, [&hellip;]<\/p>\n","protected":false},"author":1,"featured_media":0,"parent":0,"menu_order":0,"comment_status":"closed","ping_status":"closed","template":"elementor_header_footer","meta":{"footnotes":""},"class_list":["post-22626","page","type-page","status-publish","hentry"],"_links":{"self":[{"href":"https:\/\/nat20crafts.com\/fr\/wp-json\/wp\/v2\/pages\/22626","targetHints":{"allow":["GET"]}}],"collection":[{"href":"https:\/\/nat20crafts.com\/fr\/wp-json\/wp\/v2\/pages"}],"about":[{"href":"https:\/\/nat20crafts.com\/fr\/wp-json\/wp\/v2\/types\/page"}],"author":[{"embeddable":true,"href":"https:\/\/nat20crafts.com\/fr\/wp-json\/wp\/v2\/users\/1"}],"replies":[{"embeddable":true,"href":"https:\/\/nat20crafts.com\/fr\/wp-json\/wp\/v2\/comments?post=22626"}],"version-history":[{"count":2,"href":"https:\/\/nat20crafts.com\/fr\/wp-json\/wp\/v2\/pages\/22626\/revisions"}],"predecessor-version":[{"id":22638,"href":"https:\/\/nat20crafts.com\/fr\/wp-json\/wp\/v2\/pages\/22626\/revisions\/22638"}],"wp:attachment":[{"href":"https:\/\/nat20crafts.com\/fr\/wp-json\/wp\/v2\/media?parent=22626"}],"curies":[{"name":"wp","href":"https:\/\/api.w.org\/{rel}","templated":true}]}}