{"id":22523,"date":"2025-08-22T13:11:56","date_gmt":"2025-08-22T13:11:56","guid":{"rendered":"https:\/\/nat20crafts.com\/product\/maison-babylonienne-entierement-jouable\/"},"modified":"2025-09-30T14:27:14","modified_gmt":"2025-09-30T14:27:14","slug":"maison-babylonienne-entierement-jouable","status":"publish","type":"product","link":"https:\/\/nat20crafts.com\/fr\/shop\/maison-babylonienne-entierement-jouable\/","title":{"rendered":"Maison babylonienne (enti\u00e8rement jouable !)"},"content":{"rendered":"<p><span style=\"font-weight: 400;\">Donnez vie au monde antique dans votre jeu avec cette maison babylonienne enti\u00e8rement jouable, dot\u00e9e d&rsquo;une grille de 2,5 cm pour le jeu tactique et d&rsquo;\u00e9tages amovibles pour des actions sur plusieurs niveaux. Parfaite pour D&amp;D, les jeux de r\u00f4le &#8211; id\u00e9ale pour les embuscades, les cachettes ou les sc\u00e8nes de march\u00e9 anim\u00e9es. <\/span><\/p>\n","protected":false},"excerpt":{"rendered":"<p>Un seul disponible ! Maison de style babylonien enti\u00e8rement jouable avec grille de 2,5 cm et planchers amovibles. <\/p>\n","protected":false},"featured_media":21903,"template":"","meta":[],"product_brand":[],"product_cat":[113,104],"product_tag":[],"class_list":{"0":"post-22523","1":"product","2":"type-product","3":"status-publish","4":"has-post-thumbnail","6":"product_cat-terrain-fr","7":"product_cat-unique-fr","9":"first","10":"instock","11":"taxable","12":"shipping-taxable","13":"purchasable","14":"product-type-simple"},"_links":{"self":[{"href":"https:\/\/nat20crafts.com\/fr\/wp-json\/wp\/v2\/product\/22523","targetHints":{"allow":["GET"]}}],"collection":[{"href":"https:\/\/nat20crafts.com\/fr\/wp-json\/wp\/v2\/product"}],"about":[{"href":"https:\/\/nat20crafts.com\/fr\/wp-json\/wp\/v2\/types\/product"}],"wp:featuredmedia":[{"embeddable":true,"href":"https:\/\/nat20crafts.com\/fr\/wp-json\/wp\/v2\/media\/21903"}],"wp:attachment":[{"href":"https:\/\/nat20crafts.com\/fr\/wp-json\/wp\/v2\/media?parent=22523"}],"wp:term":[{"taxonomy":"product_brand","embeddable":true,"href":"https:\/\/nat20crafts.com\/fr\/wp-json\/wp\/v2\/product_brand?post=22523"},{"taxonomy":"product_cat","embeddable":true,"href":"https:\/\/nat20crafts.com\/fr\/wp-json\/wp\/v2\/product_cat?post=22523"},{"taxonomy":"product_tag","embeddable":true,"href":"https:\/\/nat20crafts.com\/fr\/wp-json\/wp\/v2\/product_tag?post=22523"}],"curies":[{"name":"wp","href":"https:\/\/api.w.org\/{rel}","templated":true}]}}