{"id":22529,"date":"2025-08-22T13:13:04","date_gmt":"2025-08-22T13:13:04","guid":{"rendered":"https:\/\/nat20crafts.com\/product\/terrain-de-ruines-envahies\/"},"modified":"2025-09-30T14:26:21","modified_gmt":"2025-09-30T14:26:21","slug":"terrain-de-ruines-envahies","status":"publish","type":"product","link":"https:\/\/nat20crafts.com\/fr\/shop\/terrain-de-ruines-envahies\/","title":{"rendered":"Terrain de ruines envahies"},"content":{"rendered":"<p><span style=\"font-weight: 400;\">Transformez votre table de jeu avec ces ruines envahies par la v\u00e9g\u00e9tation aux d\u00e9tails saisissants, parfaites pour les aventures de D&amp;D ou les batailles de jeux de guerre. Lianes, pierres qui s&rsquo;effritent et secrets oubli\u00e9s \u2014 une atmosph\u00e8re instantan\u00e9e pour les embuscades, l&rsquo;exploration ou les affrontements \u00e9piques. <\/span><\/p>\n","protected":false},"excerpt":{"rendered":"<p>Transformez votre table de jeu avec ces ruines envahies par la v\u00e9g\u00e9tation aux d\u00e9tails saisissants, parfaites pour les aventures de D&amp;D ou les batailles de jeux de guerre. Lianes, pierres qui s&rsquo;effritent et secrets oubli\u00e9s \u2014 une atmosph\u00e8re instantan\u00e9e pour les embuscades, l&rsquo;exploration ou les affrontements \u00e9piques.<\/p>\n","protected":false},"featured_media":21893,"template":"","meta":[],"product_brand":[],"product_cat":[113],"product_tag":[],"class_list":{"0":"post-22529","1":"product","2":"type-product","3":"status-publish","4":"has-post-thumbnail","6":"product_cat-terrain-fr","8":"first","9":"instock","10":"taxable","11":"shipping-taxable","12":"purchasable","13":"product-type-simple"},"_links":{"self":[{"href":"https:\/\/nat20crafts.com\/fr\/wp-json\/wp\/v2\/product\/22529","targetHints":{"allow":["GET"]}}],"collection":[{"href":"https:\/\/nat20crafts.com\/fr\/wp-json\/wp\/v2\/product"}],"about":[{"href":"https:\/\/nat20crafts.com\/fr\/wp-json\/wp\/v2\/types\/product"}],"wp:featuredmedia":[{"embeddable":true,"href":"https:\/\/nat20crafts.com\/fr\/wp-json\/wp\/v2\/media\/21893"}],"wp:attachment":[{"href":"https:\/\/nat20crafts.com\/fr\/wp-json\/wp\/v2\/media?parent=22529"}],"wp:term":[{"taxonomy":"product_brand","embeddable":true,"href":"https:\/\/nat20crafts.com\/fr\/wp-json\/wp\/v2\/product_brand?post=22529"},{"taxonomy":"product_cat","embeddable":true,"href":"https:\/\/nat20crafts.com\/fr\/wp-json\/wp\/v2\/product_cat?post=22529"},{"taxonomy":"product_tag","embeddable":true,"href":"https:\/\/nat20crafts.com\/fr\/wp-json\/wp\/v2\/product_tag?post=22529"}],"curies":[{"name":"wp","href":"https:\/\/api.w.org\/{rel}","templated":true}]}}