{"id":22532,"date":"2025-08-22T13:09:35","date_gmt":"2025-08-22T13:09:35","guid":{"rendered":"https:\/\/nat20crafts.com\/product\/piliers-de-pierre-lot-de-5\/"},"modified":"2025-09-30T14:33:31","modified_gmt":"2025-09-30T14:33:31","slug":"piliers-de-pierre-lot-de-5","status":"publish","type":"product","link":"https:\/\/nat20crafts.com\/fr\/shop\/piliers-de-pierre-lot-de-5\/","title":{"rendered":"Piliers de pierre (lot de 5)"},"content":{"rendered":"<p><span style=\"font-weight: 400;\">Ajoutez myst\u00e8re et grandeur \u00e0 vos batailles de D&amp;D ou de jeux de table avec ces piliers de pierre patin\u00e9s. Parfaits pour les temples en ruine, les vestiges oubli\u00e9s ou les portails magiques, ils cr\u00e9eront instantan\u00e9ment une atmosph\u00e8re pour vos rencontres \u00e9piques. Pr\u00eats \u00e0 \u00eatre plac\u00e9s, pr\u00eats \u00e0 jouer !  <\/span><\/p>\n","protected":false},"excerpt":{"rendered":"<p>D\u00e9s (non inclus) pour r\u00e9f\u00e9rence de taille. Comprend : 5 piliers en pierre. <\/p>\n","protected":false},"featured_media":21908,"template":"","meta":[],"product_brand":[],"product_cat":[113],"product_tag":[],"class_list":{"0":"post-22532","1":"product","2":"type-product","3":"status-publish","4":"has-post-thumbnail","6":"product_cat-terrain-fr","8":"first","9":"instock","10":"taxable","11":"shipping-taxable","12":"purchasable","13":"product-type-simple"},"_links":{"self":[{"href":"https:\/\/nat20crafts.com\/fr\/wp-json\/wp\/v2\/product\/22532","targetHints":{"allow":["GET"]}}],"collection":[{"href":"https:\/\/nat20crafts.com\/fr\/wp-json\/wp\/v2\/product"}],"about":[{"href":"https:\/\/nat20crafts.com\/fr\/wp-json\/wp\/v2\/types\/product"}],"wp:featuredmedia":[{"embeddable":true,"href":"https:\/\/nat20crafts.com\/fr\/wp-json\/wp\/v2\/media\/21908"}],"wp:attachment":[{"href":"https:\/\/nat20crafts.com\/fr\/wp-json\/wp\/v2\/media?parent=22532"}],"wp:term":[{"taxonomy":"product_brand","embeddable":true,"href":"https:\/\/nat20crafts.com\/fr\/wp-json\/wp\/v2\/product_brand?post=22532"},{"taxonomy":"product_cat","embeddable":true,"href":"https:\/\/nat20crafts.com\/fr\/wp-json\/wp\/v2\/product_cat?post=22532"},{"taxonomy":"product_tag","embeddable":true,"href":"https:\/\/nat20crafts.com\/fr\/wp-json\/wp\/v2\/product_tag?post=22532"}],"curies":[{"name":"wp","href":"https:\/\/api.w.org\/{rel}","templated":true}]}}