{"id":22539,"date":"2025-08-22T13:08:10","date_gmt":"2025-08-22T13:08:10","guid":{"rendered":"https:\/\/nat20crafts.com\/product\/carte-topologique-de-la-terre-du-milieu\/"},"modified":"2025-09-10T08:41:11","modified_gmt":"2025-09-10T08:41:11","slug":"carte-topologique-de-la-terre-du-milieu","status":"publish","type":"product","link":"https:\/\/nat20crafts.com\/fr\/shop\/carte-topologique-de-la-terre-du-milieu\/","title":{"rendered":"Carte topologique de la Terre du Milieu"},"content":{"rendered":"","protected":false},"excerpt":{"rendered":"<p>Il n&rsquo;en reste qu&rsquo;un ! Carte topologique de la Terre du Milieu fabriqu\u00e9e \u00e0 la main. Livr\u00e9e avec un cadre photo carr\u00e9.  <\/p>\n","protected":false},"featured_media":21918,"template":"","meta":[],"product_brand":[],"product_cat":[104],"product_tag":[],"class_list":{"0":"post-22539","1":"product","2":"type-product","3":"status-publish","4":"has-post-thumbnail","6":"product_cat-unique-fr","8":"first","9":"instock","10":"taxable","11":"shipping-taxable","12":"purchasable","13":"product-type-simple"},"_links":{"self":[{"href":"https:\/\/nat20crafts.com\/fr\/wp-json\/wp\/v2\/product\/22539","targetHints":{"allow":["GET"]}}],"collection":[{"href":"https:\/\/nat20crafts.com\/fr\/wp-json\/wp\/v2\/product"}],"about":[{"href":"https:\/\/nat20crafts.com\/fr\/wp-json\/wp\/v2\/types\/product"}],"wp:featuredmedia":[{"embeddable":true,"href":"https:\/\/nat20crafts.com\/fr\/wp-json\/wp\/v2\/media\/21918"}],"wp:attachment":[{"href":"https:\/\/nat20crafts.com\/fr\/wp-json\/wp\/v2\/media?parent=22539"}],"wp:term":[{"taxonomy":"product_brand","embeddable":true,"href":"https:\/\/nat20crafts.com\/fr\/wp-json\/wp\/v2\/product_brand?post=22539"},{"taxonomy":"product_cat","embeddable":true,"href":"https:\/\/nat20crafts.com\/fr\/wp-json\/wp\/v2\/product_cat?post=22539"},{"taxonomy":"product_tag","embeddable":true,"href":"https:\/\/nat20crafts.com\/fr\/wp-json\/wp\/v2\/product_tag?post=22539"}],"curies":[{"name":"wp","href":"https:\/\/api.w.org\/{rel}","templated":true}]}}