{"id":22545,"date":"2025-08-22T13:03:50","date_gmt":"2025-08-22T13:03:50","guid":{"rendered":"https:\/\/nat20crafts.com\/product\/rochers-moyens-ensemble-a\/"},"modified":"2025-09-10T08:42:14","modified_gmt":"2025-09-10T08:42:14","slug":"rochers-moyens-ensemble-a","status":"publish","type":"product","link":"https:\/\/nat20crafts.com\/fr\/shop\/rochers-moyens-ensemble-a\/","title":{"rendered":"Rochers moyens (ensemble a)"},"content":{"rendered":"","protected":false},"excerpt":{"rendered":"<p>D\u00e9s (non inclus) pour r\u00e9f\u00e9rence de taille. Comprend : 2 rochers de dispersion moyens. <\/p>\n","protected":false},"featured_media":21928,"template":"","meta":[],"product_brand":[],"product_cat":[113],"product_tag":[],"class_list":{"0":"post-22545","1":"product","2":"type-product","3":"status-publish","4":"has-post-thumbnail","6":"product_cat-terrain-fr","8":"first","9":"instock","10":"taxable","11":"shipping-taxable","12":"purchasable","13":"product-type-simple"},"_links":{"self":[{"href":"https:\/\/nat20crafts.com\/fr\/wp-json\/wp\/v2\/product\/22545","targetHints":{"allow":["GET"]}}],"collection":[{"href":"https:\/\/nat20crafts.com\/fr\/wp-json\/wp\/v2\/product"}],"about":[{"href":"https:\/\/nat20crafts.com\/fr\/wp-json\/wp\/v2\/types\/product"}],"wp:featuredmedia":[{"embeddable":true,"href":"https:\/\/nat20crafts.com\/fr\/wp-json\/wp\/v2\/media\/21928"}],"wp:attachment":[{"href":"https:\/\/nat20crafts.com\/fr\/wp-json\/wp\/v2\/media?parent=22545"}],"wp:term":[{"taxonomy":"product_brand","embeddable":true,"href":"https:\/\/nat20crafts.com\/fr\/wp-json\/wp\/v2\/product_brand?post=22545"},{"taxonomy":"product_cat","embeddable":true,"href":"https:\/\/nat20crafts.com\/fr\/wp-json\/wp\/v2\/product_cat?post=22545"},{"taxonomy":"product_tag","embeddable":true,"href":"https:\/\/nat20crafts.com\/fr\/wp-json\/wp\/v2\/product_tag?post=22545"}],"curies":[{"name":"wp","href":"https:\/\/api.w.org\/{rel}","templated":true}]}}