{"id":22562,"date":"2025-08-22T13:00:20","date_gmt":"2025-08-22T13:00:20","guid":{"rendered":"https:\/\/nat20crafts.com\/product\/gros-rochers-ensemble-a\/"},"modified":"2025-09-10T08:46:38","modified_gmt":"2025-09-10T08:46:38","slug":"gros-rochers-ensemble-a","status":"publish","type":"product","link":"https:\/\/nat20crafts.com\/fr\/shop\/gros-rochers-ensemble-a\/","title":{"rendered":"Gros rochers (ensemble a)"},"content":{"rendered":"","protected":false},"excerpt":{"rendered":"<p>D\u00e9s (non inclus) pour r\u00e9f\u00e9rence de taille. Comprend : 2 gros rochers dispers\u00e9s. <\/p>\n","protected":false},"featured_media":21943,"template":"","meta":[],"product_brand":[],"product_cat":[113],"product_tag":[],"class_list":{"0":"post-22562","1":"product","2":"type-product","3":"status-publish","4":"has-post-thumbnail","6":"product_cat-terrain-fr","8":"first","9":"instock","10":"taxable","11":"shipping-taxable","12":"purchasable","13":"product-type-simple"},"_links":{"self":[{"href":"https:\/\/nat20crafts.com\/fr\/wp-json\/wp\/v2\/product\/22562","targetHints":{"allow":["GET"]}}],"collection":[{"href":"https:\/\/nat20crafts.com\/fr\/wp-json\/wp\/v2\/product"}],"about":[{"href":"https:\/\/nat20crafts.com\/fr\/wp-json\/wp\/v2\/types\/product"}],"wp:featuredmedia":[{"embeddable":true,"href":"https:\/\/nat20crafts.com\/fr\/wp-json\/wp\/v2\/media\/21943"}],"wp:attachment":[{"href":"https:\/\/nat20crafts.com\/fr\/wp-json\/wp\/v2\/media?parent=22562"}],"wp:term":[{"taxonomy":"product_brand","embeddable":true,"href":"https:\/\/nat20crafts.com\/fr\/wp-json\/wp\/v2\/product_brand?post=22562"},{"taxonomy":"product_cat","embeddable":true,"href":"https:\/\/nat20crafts.com\/fr\/wp-json\/wp\/v2\/product_cat?post=22562"},{"taxonomy":"product_tag","embeddable":true,"href":"https:\/\/nat20crafts.com\/fr\/wp-json\/wp\/v2\/product_tag?post=22562"}],"curies":[{"name":"wp","href":"https:\/\/api.w.org\/{rel}","templated":true}]}}