{"id":22586,"date":"2025-08-22T12:33:03","date_gmt":"2025-08-22T12:33:03","guid":{"rendered":"https:\/\/nat20crafts.com\/product\/rocher-sculpte-moyen\/"},"modified":"2025-09-10T08:52:21","modified_gmt":"2025-09-10T08:52:21","slug":"rocher-sculpte-moyen","status":"publish","type":"product","link":"https:\/\/nat20crafts.com\/fr\/shop\/rocher-sculpte-moyen\/","title":{"rendered":"Rocher sculpt\u00e9 (moyen)"},"content":{"rendered":"","protected":false},"excerpt":{"rendered":"<p>D\u00e9s (non inclus) pour r\u00e9f\u00e9rence de taille<\/p>\n","protected":false},"featured_media":22018,"template":"","meta":[],"product_brand":[],"product_cat":[113],"product_tag":[],"class_list":{"0":"post-22586","1":"product","2":"type-product","3":"status-publish","4":"has-post-thumbnail","6":"product_cat-terrain-fr","8":"first","9":"instock","10":"taxable","11":"shipping-taxable","12":"purchasable","13":"product-type-simple"},"_links":{"self":[{"href":"https:\/\/nat20crafts.com\/fr\/wp-json\/wp\/v2\/product\/22586","targetHints":{"allow":["GET"]}}],"collection":[{"href":"https:\/\/nat20crafts.com\/fr\/wp-json\/wp\/v2\/product"}],"about":[{"href":"https:\/\/nat20crafts.com\/fr\/wp-json\/wp\/v2\/types\/product"}],"wp:featuredmedia":[{"embeddable":true,"href":"https:\/\/nat20crafts.com\/fr\/wp-json\/wp\/v2\/media\/22018"}],"wp:attachment":[{"href":"https:\/\/nat20crafts.com\/fr\/wp-json\/wp\/v2\/media?parent=22586"}],"wp:term":[{"taxonomy":"product_brand","embeddable":true,"href":"https:\/\/nat20crafts.com\/fr\/wp-json\/wp\/v2\/product_brand?post=22586"},{"taxonomy":"product_cat","embeddable":true,"href":"https:\/\/nat20crafts.com\/fr\/wp-json\/wp\/v2\/product_cat?post=22586"},{"taxonomy":"product_tag","embeddable":true,"href":"https:\/\/nat20crafts.com\/fr\/wp-json\/wp\/v2\/product_tag?post=22586"}],"curies":[{"name":"wp","href":"https:\/\/api.w.org\/{rel}","templated":true}]}}