{"id":22594,"date":"2025-08-22T12:30:54","date_gmt":"2025-08-22T12:30:54","guid":{"rendered":"https:\/\/nat20crafts.com\/product\/ensemble-de-base-toundra-enneigee\/"},"modified":"2025-11-30T13:14:01","modified_gmt":"2025-11-30T13:14:01","slug":"ensemble-de-base-toundra-enneigee","status":"publish","type":"product","link":"https:\/\/nat20crafts.com\/fr\/shop\/ensemble-de-base-toundra-enneigee\/","title":{"rendered":"Set de base (Neige)"},"content":{"rendered":"<p><span style=\"font-weight: 400;\">Blizzards et batailles dans des terres gel\u00e9es pr\u00eates \u00e0 la conqu\u00eate. Socles \u00e0 th\u00e8me neigeux pour chaque figurine. Disponibles dans notre boutique, pr\u00eats \u00e0 jouer !  <\/span><\/p>\n","protected":false},"excerpt":{"rendered":"<p>Veuillez nous contacter pour des tailles suppl\u00e9mentaires via <a href=\"https:\/\/nat20crafts.com\/fr\/contact\/\">notre page Contact<\/a>.<\/p>\n","protected":false},"featured_media":22023,"template":"","meta":[],"product_brand":[],"product_cat":[100],"product_tag":[],"class_list":{"0":"post-22594","1":"product","2":"type-product","3":"status-publish","4":"has-post-thumbnail","6":"product_cat-socles","8":"first","9":"instock","10":"taxable","11":"shipping-taxable","12":"purchasable","13":"product-type-variable"},"_links":{"self":[{"href":"https:\/\/nat20crafts.com\/fr\/wp-json\/wp\/v2\/product\/22594","targetHints":{"allow":["GET"]}}],"collection":[{"href":"https:\/\/nat20crafts.com\/fr\/wp-json\/wp\/v2\/product"}],"about":[{"href":"https:\/\/nat20crafts.com\/fr\/wp-json\/wp\/v2\/types\/product"}],"wp:featuredmedia":[{"embeddable":true,"href":"https:\/\/nat20crafts.com\/fr\/wp-json\/wp\/v2\/media\/22023"}],"wp:attachment":[{"href":"https:\/\/nat20crafts.com\/fr\/wp-json\/wp\/v2\/media?parent=22594"}],"wp:term":[{"taxonomy":"product_brand","embeddable":true,"href":"https:\/\/nat20crafts.com\/fr\/wp-json\/wp\/v2\/product_brand?post=22594"},{"taxonomy":"product_cat","embeddable":true,"href":"https:\/\/nat20crafts.com\/fr\/wp-json\/wp\/v2\/product_cat?post=22594"},{"taxonomy":"product_tag","embeddable":true,"href":"https:\/\/nat20crafts.com\/fr\/wp-json\/wp\/v2\/product_tag?post=22594"}],"curies":[{"name":"wp","href":"https:\/\/api.w.org\/{rel}","templated":true}]}}