{"id":23314,"date":"2025-09-30T14:05:57","date_gmt":"2025-09-30T14:05:57","guid":{"rendered":"https:\/\/nat20crafts.com\/?post_type=product&#038;p=23314"},"modified":"2025-09-30T14:14:06","modified_gmt":"2025-09-30T14:14:06","slug":"terrain-de-ruines-envahies-copy","status":"publish","type":"product","link":"https:\/\/nat20crafts.com\/fr\/shop\/terrain-de-ruines-envahies-copy\/","title":{"rendered":"Arbre unique"},"content":{"rendered":"<p><span style=\"font-weight: 400;\">Cet arbre unique est bien plus qu&rsquo;un simple \u00e9l\u00e9ment de terrain : c&rsquo;est un endroit o\u00f9 les bardes peuvent jouer une m\u00e9lodie depuis ses branches robustes ou o\u00f9 les voleurs peuvent grimper pour pr\u00e9parer l&#8217;embuscade parfaite. Id\u00e9al pour D&amp;D, les jeux de r\u00f4le ou les wargames, il ajoute de la profondeur, du couvert et des possibilit\u00e9s narratives \u00e0 votre table de jeu. <\/span><\/p>\n","protected":false},"excerpt":{"rendered":"<p>Cet arbre unique est bien plus qu&rsquo;un simple \u00e9l\u00e9ment de terrain : c&rsquo;est un endroit o\u00f9 les bardes peuvent jouer une m\u00e9lodie depuis ses branches robustes ou o\u00f9 les voleurs peuvent grimper pour pr\u00e9parer l&#8217;embuscade parfaite. Id\u00e9al pour D&amp;D, les jeux de r\u00f4le ou les wargames, il ajoute de la profondeur, du couvert et des [&hellip;]<\/p>\n","protected":false},"featured_media":23302,"template":"","meta":[],"product_brand":[],"product_cat":[113],"product_tag":[],"class_list":{"0":"post-23314","1":"product","2":"type-product","3":"status-publish","4":"has-post-thumbnail","6":"product_cat-terrain-fr","8":"first","9":"instock","10":"taxable","11":"shipping-taxable","12":"purchasable","13":"product-type-simple"},"_links":{"self":[{"href":"https:\/\/nat20crafts.com\/fr\/wp-json\/wp\/v2\/product\/23314","targetHints":{"allow":["GET"]}}],"collection":[{"href":"https:\/\/nat20crafts.com\/fr\/wp-json\/wp\/v2\/product"}],"about":[{"href":"https:\/\/nat20crafts.com\/fr\/wp-json\/wp\/v2\/types\/product"}],"wp:featuredmedia":[{"embeddable":true,"href":"https:\/\/nat20crafts.com\/fr\/wp-json\/wp\/v2\/media\/23302"}],"wp:attachment":[{"href":"https:\/\/nat20crafts.com\/fr\/wp-json\/wp\/v2\/media?parent=23314"}],"wp:term":[{"taxonomy":"product_brand","embeddable":true,"href":"https:\/\/nat20crafts.com\/fr\/wp-json\/wp\/v2\/product_brand?post=23314"},{"taxonomy":"product_cat","embeddable":true,"href":"https:\/\/nat20crafts.com\/fr\/wp-json\/wp\/v2\/product_cat?post=23314"},{"taxonomy":"product_tag","embeddable":true,"href":"https:\/\/nat20crafts.com\/fr\/wp-json\/wp\/v2\/product_tag?post=23314"}],"curies":[{"name":"wp","href":"https:\/\/api.w.org\/{rel}","templated":true}]}}