{"id":23329,"date":"2025-09-30T14:14:34","date_gmt":"2025-09-30T14:14:34","guid":{"rendered":"https:\/\/nat20crafts.com\/?post_type=product&#038;p=23329"},"modified":"2025-11-30T13:14:37","modified_gmt":"2025-11-30T13:14:37","slug":"ensemble-de-base-toundra-enneigee-copy","status":"publish","type":"product","link":"https:\/\/nat20crafts.com\/fr\/shop\/ensemble-de-base-toundra-enneigee-copy\/","title":{"rendered":"Ensemble de bases (col de montagne)"},"content":{"rendered":"<p><span style=\"font-weight: 400;\">Fra\u00eechement tomb\u00e9es, fra\u00eechement utilis\u00e9es au combat&nbsp;: des bases enneig\u00e9es pour col de montagne pour chaque figurine. Disponibles dans notre boutique, pr\u00eates \u00e0 jouer&nbsp;! <\/span><\/p>\n","protected":false},"excerpt":{"rendered":"<p>Veuillez nous contacter pour des tailles suppl\u00e9mentaires via <a href=\"https:\/\/nat20crafts.com\/fr\/contact\/\">notre page Contact<\/a>.<\/p>\n","protected":false},"featured_media":23339,"template":"","meta":[],"product_brand":[],"product_cat":[100],"product_tag":[],"class_list":{"0":"post-23329","1":"product","2":"type-product","3":"status-publish","4":"has-post-thumbnail","6":"product_cat-socles","8":"first","9":"instock","10":"taxable","11":"shipping-taxable","12":"purchasable","13":"product-type-variable"},"_links":{"self":[{"href":"https:\/\/nat20crafts.com\/fr\/wp-json\/wp\/v2\/product\/23329","targetHints":{"allow":["GET"]}}],"collection":[{"href":"https:\/\/nat20crafts.com\/fr\/wp-json\/wp\/v2\/product"}],"about":[{"href":"https:\/\/nat20crafts.com\/fr\/wp-json\/wp\/v2\/types\/product"}],"wp:featuredmedia":[{"embeddable":true,"href":"https:\/\/nat20crafts.com\/fr\/wp-json\/wp\/v2\/media\/23339"}],"wp:attachment":[{"href":"https:\/\/nat20crafts.com\/fr\/wp-json\/wp\/v2\/media?parent=23329"}],"wp:term":[{"taxonomy":"product_brand","embeddable":true,"href":"https:\/\/nat20crafts.com\/fr\/wp-json\/wp\/v2\/product_brand?post=23329"},{"taxonomy":"product_cat","embeddable":true,"href":"https:\/\/nat20crafts.com\/fr\/wp-json\/wp\/v2\/product_cat?post=23329"},{"taxonomy":"product_tag","embeddable":true,"href":"https:\/\/nat20crafts.com\/fr\/wp-json\/wp\/v2\/product_tag?post=23329"}],"curies":[{"name":"wp","href":"https:\/\/api.w.org\/{rel}","templated":true}]}}