{"id":23367,"date":"2025-09-30T14:19:57","date_gmt":"2025-09-30T14:19:57","guid":{"rendered":"https:\/\/nat20crafts.com\/?post_type=product&#038;p=23367"},"modified":"2025-11-30T13:15:16","modified_gmt":"2025-11-30T13:15:16","slug":"ensemble-de-base-toundra-enneigee-copy-copy","status":"publish","type":"product","link":"https:\/\/nat20crafts.com\/fr\/shop\/ensemble-de-base-toundra-enneigee-copy-copy\/","title":{"rendered":"Base de jeu (plage)"},"content":{"rendered":"<p><span style=\"font-weight: 400;\">Soleil, sable et strat\u00e9gie \u2014 l\u00e0 o\u00f9 la mar\u00e9e rencontre le champ de bataille. Bases th\u00e9matiques de plage pour chaque figurine. Pr\u00eates \u00e0 jouer, disponibles dans notre boutique !  <\/span><\/p>\n","protected":false},"excerpt":{"rendered":"<p>Veuillez nous contacter pour des tailles suppl\u00e9mentaires via <a href=\"https:\/\/nat20crafts.com\/fr\/contact\/\">notre page Contact<\/a>.<\/p>\n","protected":false},"featured_media":23376,"template":"","meta":[],"product_brand":[],"product_cat":[100],"product_tag":[],"class_list":{"0":"post-23367","1":"product","2":"type-product","3":"status-publish","4":"has-post-thumbnail","6":"product_cat-socles","8":"first","9":"instock","10":"taxable","11":"shipping-taxable","12":"purchasable","13":"product-type-variable"},"_links":{"self":[{"href":"https:\/\/nat20crafts.com\/fr\/wp-json\/wp\/v2\/product\/23367","targetHints":{"allow":["GET"]}}],"collection":[{"href":"https:\/\/nat20crafts.com\/fr\/wp-json\/wp\/v2\/product"}],"about":[{"href":"https:\/\/nat20crafts.com\/fr\/wp-json\/wp\/v2\/types\/product"}],"wp:featuredmedia":[{"embeddable":true,"href":"https:\/\/nat20crafts.com\/fr\/wp-json\/wp\/v2\/media\/23376"}],"wp:attachment":[{"href":"https:\/\/nat20crafts.com\/fr\/wp-json\/wp\/v2\/media?parent=23367"}],"wp:term":[{"taxonomy":"product_brand","embeddable":true,"href":"https:\/\/nat20crafts.com\/fr\/wp-json\/wp\/v2\/product_brand?post=23367"},{"taxonomy":"product_cat","embeddable":true,"href":"https:\/\/nat20crafts.com\/fr\/wp-json\/wp\/v2\/product_cat?post=23367"},{"taxonomy":"product_tag","embeddable":true,"href":"https:\/\/nat20crafts.com\/fr\/wp-json\/wp\/v2\/product_tag?post=23367"}],"curies":[{"name":"wp","href":"https:\/\/api.w.org\/{rel}","templated":true}]}}