{"id":23494,"date":"2025-11-01T13:12:17","date_gmt":"2025-11-01T13:12:17","guid":{"rendered":"https:\/\/nat20crafts.com\/?post_type=product&#038;p=23494"},"modified":"2025-11-01T13:22:41","modified_gmt":"2025-11-01T13:22:41","slug":"base-de-jeu-plage-copy","status":"publish","type":"product","link":"https:\/\/nat20crafts.com\/fr\/shop\/base-de-jeu-plage-copy\/","title":{"rendered":"Ensemble de base (Printemps)"},"content":{"rendered":"<p><span style=\"font-weight: 400;\">Les fleurs \u00e9closent, l&rsquo;herbe est verte et le printemps est arriv\u00e9 dans notre ensemble de base printanier. Pr\u00eat \u00e0 jouer, disponible dans notre boutique&nbsp;! <\/span><\/p>\n","protected":false},"excerpt":{"rendered":"<p>Veuillez nous contacter pour des tailles suppl\u00e9mentaires via <a href=\"https:\/\/nat20crafts.com\/fr\/contact\/\">notre page Contact<\/a>.<\/p>\n","protected":false},"featured_media":23525,"template":"","meta":[],"product_brand":[],"product_cat":[100],"product_tag":[],"class_list":{"0":"post-23494","1":"product","2":"type-product","3":"status-publish","4":"has-post-thumbnail","6":"product_cat-socles","8":"first","9":"instock","10":"taxable","11":"shipping-taxable","12":"purchasable","13":"product-type-variable"},"_links":{"self":[{"href":"https:\/\/nat20crafts.com\/fr\/wp-json\/wp\/v2\/product\/23494","targetHints":{"allow":["GET"]}}],"collection":[{"href":"https:\/\/nat20crafts.com\/fr\/wp-json\/wp\/v2\/product"}],"about":[{"href":"https:\/\/nat20crafts.com\/fr\/wp-json\/wp\/v2\/types\/product"}],"wp:featuredmedia":[{"embeddable":true,"href":"https:\/\/nat20crafts.com\/fr\/wp-json\/wp\/v2\/media\/23525"}],"wp:attachment":[{"href":"https:\/\/nat20crafts.com\/fr\/wp-json\/wp\/v2\/media?parent=23494"}],"wp:term":[{"taxonomy":"product_brand","embeddable":true,"href":"https:\/\/nat20crafts.com\/fr\/wp-json\/wp\/v2\/product_brand?post=23494"},{"taxonomy":"product_cat","embeddable":true,"href":"https:\/\/nat20crafts.com\/fr\/wp-json\/wp\/v2\/product_cat?post=23494"},{"taxonomy":"product_tag","embeddable":true,"href":"https:\/\/nat20crafts.com\/fr\/wp-json\/wp\/v2\/product_tag?post=23494"}],"curies":[{"name":"wp","href":"https:\/\/api.w.org\/{rel}","templated":true}]}}