{"id":23592,"date":"2025-11-01T14:18:01","date_gmt":"2025-11-01T14:18:01","guid":{"rendered":"https:\/\/nat20crafts.com\/?post_type=product&#038;p=23592"},"modified":"2025-11-01T14:48:20","modified_gmt":"2025-11-01T14:48:20","slug":"pack-mixte-de-tuiles-de-donjon-copy","status":"publish","type":"product","link":"https:\/\/nat20crafts.com\/fr\/shop\/pack-mixte-de-tuiles-de-donjon-copy\/","title":{"rendered":"Tuile de donjon standard &#8211; simple"},"content":{"rendered":"","protected":false},"excerpt":{"rendered":"<p>Grille de 2,54 cm. Comprend : 1 tuile de l&rsquo;option s\u00e9lectionn\u00e9e. Veuillez nous consulter pour d&rsquo;autres dimensions ou demandez l&rsquo;option souhait\u00e9e via <a href=\"https:\/\/nat20crafts.com\/fr\/contact\/\">notre page Contact<\/a>.  <\/p>\n","protected":false},"featured_media":23610,"template":"","meta":[],"product_brand":[],"product_cat":[113],"product_tag":[],"class_list":{"0":"post-23592","1":"product","2":"type-product","3":"status-publish","4":"has-post-thumbnail","6":"product_cat-terrain-fr","8":"first","9":"instock","10":"taxable","11":"shipping-taxable","12":"purchasable","13":"product-type-variable"},"_links":{"self":[{"href":"https:\/\/nat20crafts.com\/fr\/wp-json\/wp\/v2\/product\/23592","targetHints":{"allow":["GET"]}}],"collection":[{"href":"https:\/\/nat20crafts.com\/fr\/wp-json\/wp\/v2\/product"}],"about":[{"href":"https:\/\/nat20crafts.com\/fr\/wp-json\/wp\/v2\/types\/product"}],"wp:featuredmedia":[{"embeddable":true,"href":"https:\/\/nat20crafts.com\/fr\/wp-json\/wp\/v2\/media\/23610"}],"wp:attachment":[{"href":"https:\/\/nat20crafts.com\/fr\/wp-json\/wp\/v2\/media?parent=23592"}],"wp:term":[{"taxonomy":"product_brand","embeddable":true,"href":"https:\/\/nat20crafts.com\/fr\/wp-json\/wp\/v2\/product_brand?post=23592"},{"taxonomy":"product_cat","embeddable":true,"href":"https:\/\/nat20crafts.com\/fr\/wp-json\/wp\/v2\/product_cat?post=23592"},{"taxonomy":"product_tag","embeddable":true,"href":"https:\/\/nat20crafts.com\/fr\/wp-json\/wp\/v2\/product_tag?post=23592"}],"curies":[{"name":"wp","href":"https:\/\/api.w.org\/{rel}","templated":true}]}}