{"id":23780,"date":"2025-11-30T11:47:56","date_gmt":"2025-11-30T11:47:56","guid":{"rendered":"https:\/\/nat20crafts.com\/?post_type=product&#038;p=23780"},"modified":"2025-11-30T11:53:18","modified_gmt":"2025-11-30T11:53:18","slug":"arbre-unique-copy","status":"publish","type":"product","link":"https:\/\/nat20crafts.com\/fr\/shop\/arbre-unique-copy\/","title":{"rendered":"Pont"},"content":{"rendered":"<p>Apportez de la profondeur et des dimensions \u00e0 vos jeux de plateau avec ce pont en pierre. Qu&rsquo;il soit la pi\u00e8ce ma\u00eetresse d&rsquo;une rencontre ou le d\u00e9cor d&rsquo;une belle exposition d&rsquo;arm\u00e9e, ce pont sublimera instantan\u00e9ment vos cr\u00e9ations sur table. <\/p>\n","protected":false},"excerpt":{"rendered":"<p>Apportez de la profondeur et des dimensions \u00e0 vos jeux de plateau avec ce pont en pierre. Qu&rsquo;il soit la pi\u00e8ce ma\u00eetresse d&rsquo;une rencontre ou le d\u00e9cor d&rsquo;une belle exposition d&rsquo;arm\u00e9e, ce pont sublimera instantan\u00e9ment vos cr\u00e9ations sur table.<\/p>\n","protected":false},"featured_media":23700,"template":"","meta":[],"product_brand":[],"product_cat":[113],"product_tag":[],"class_list":{"0":"post-23780","1":"product","2":"type-product","3":"status-publish","4":"has-post-thumbnail","6":"product_cat-terrain-fr","8":"first","9":"instock","10":"taxable","11":"shipping-taxable","12":"purchasable","13":"product-type-simple"},"_links":{"self":[{"href":"https:\/\/nat20crafts.com\/fr\/wp-json\/wp\/v2\/product\/23780","targetHints":{"allow":["GET"]}}],"collection":[{"href":"https:\/\/nat20crafts.com\/fr\/wp-json\/wp\/v2\/product"}],"about":[{"href":"https:\/\/nat20crafts.com\/fr\/wp-json\/wp\/v2\/types\/product"}],"wp:featuredmedia":[{"embeddable":true,"href":"https:\/\/nat20crafts.com\/fr\/wp-json\/wp\/v2\/media\/23700"}],"wp:attachment":[{"href":"https:\/\/nat20crafts.com\/fr\/wp-json\/wp\/v2\/media?parent=23780"}],"wp:term":[{"taxonomy":"product_brand","embeddable":true,"href":"https:\/\/nat20crafts.com\/fr\/wp-json\/wp\/v2\/product_brand?post=23780"},{"taxonomy":"product_cat","embeddable":true,"href":"https:\/\/nat20crafts.com\/fr\/wp-json\/wp\/v2\/product_cat?post=23780"},{"taxonomy":"product_tag","embeddable":true,"href":"https:\/\/nat20crafts.com\/fr\/wp-json\/wp\/v2\/product_tag?post=23780"}],"curies":[{"name":"wp","href":"https:\/\/api.w.org\/{rel}","templated":true}]}}