{"id":23854,"date":"2026-01-02T11:28:44","date_gmt":"2026-01-02T11:28:44","guid":{"rendered":"https:\/\/nat20crafts.com\/?post_type=product&#038;p=23854"},"modified":"2026-01-02T11:39:50","modified_gmt":"2026-01-02T11:39:50","slug":"carte-topologique-de-la-terre-du-milieu-copy","status":"publish","type":"product","link":"https:\/\/nat20crafts.com\/fr\/shop\/carte-topologique-de-la-terre-du-milieu-copy\/","title":{"rendered":"Cabane Folklore"},"content":{"rendered":"<p>Faites entrer la magie de l&rsquo;Eras Tour de Taylor Swift directement chez vous avec votre propre cabane Folklore&nbsp;! Que vous soyez collectionneur, fan ou simplement quelqu&rsquo;un qui adore la d\u00e9coration fantaisiste, cette pi\u00e8ce est votre billet pour revivre la magie de la tourn\u00e9e chaque jour. Ne manquez pas cette occasion&nbsp;: ajoutez une touche de narration et de nostalgie \u00e0 votre espace d\u00e8s aujourd&rsquo;hui&nbsp;!  <\/p>\n<p>&nbsp;<\/p>\n<p>* la base sur laquelle repose la cabane sur la photo n&rsquo;est pas la base standard. Les bases standard seront livr\u00e9es sous forme de base en bois plate. Si vous souhaitez que votre cabane Folklore soit construite sur la base correspondant \u00e0 l&rsquo;image, veuillez nous envoyer un message \u00e0 info@nat20crafts.com. Le suppl\u00e9ment pour cette base est de 10&nbsp;\u20ac. Veuillez pr\u00e9voir un d\u00e9lai suppl\u00e9mentaire, car celles-ci seront fabriqu\u00e9es uniquement sur demande.    <\/p>\n<p>** La cabane Folklore n&rsquo;est pas livr\u00e9e avec les produits d\u00e9riv\u00e9s repr\u00e9sent\u00e9s sur la photo.<\/p>\n","protected":false},"excerpt":{"rendered":"<p>Ramenez la magie de l&rsquo;Eras Tour chez vous avec cette cabane Folklore fabriqu\u00e9e \u00e0 la main<\/p>\n","protected":false},"featured_media":23789,"template":"","meta":[],"product_brand":[],"product_cat":[104],"product_tag":[],"class_list":{"0":"post-23854","1":"product","2":"type-product","3":"status-publish","4":"has-post-thumbnail","6":"product_cat-unique-fr","8":"first","9":"instock","10":"taxable","11":"shipping-taxable","12":"purchasable","13":"product-type-simple"},"_links":{"self":[{"href":"https:\/\/nat20crafts.com\/fr\/wp-json\/wp\/v2\/product\/23854","targetHints":{"allow":["GET"]}}],"collection":[{"href":"https:\/\/nat20crafts.com\/fr\/wp-json\/wp\/v2\/product"}],"about":[{"href":"https:\/\/nat20crafts.com\/fr\/wp-json\/wp\/v2\/types\/product"}],"wp:featuredmedia":[{"embeddable":true,"href":"https:\/\/nat20crafts.com\/fr\/wp-json\/wp\/v2\/media\/23789"}],"wp:attachment":[{"href":"https:\/\/nat20crafts.com\/fr\/wp-json\/wp\/v2\/media?parent=23854"}],"wp:term":[{"taxonomy":"product_brand","embeddable":true,"href":"https:\/\/nat20crafts.com\/fr\/wp-json\/wp\/v2\/product_brand?post=23854"},{"taxonomy":"product_cat","embeddable":true,"href":"https:\/\/nat20crafts.com\/fr\/wp-json\/wp\/v2\/product_cat?post=23854"},{"taxonomy":"product_tag","embeddable":true,"href":"https:\/\/nat20crafts.com\/fr\/wp-json\/wp\/v2\/product_tag?post=23854"}],"curies":[{"name":"wp","href":"https:\/\/api.w.org\/{rel}","templated":true}]}}