{"id":23969,"date":"2026-04-04T08:47:03","date_gmt":"2026-04-04T08:47:03","guid":{"rendered":"https:\/\/nat20crafts.com\/?post_type=product&#038;p=23969"},"modified":"2026-04-04T08:53:46","modified_gmt":"2026-04-04T08:53:46","slug":"maison-de-hobbit-copy","status":"publish","type":"product","link":"https:\/\/nat20crafts.com\/fr\/shop\/maison-de-hobbit-copy\/","title":{"rendered":"Maison de Hobbit (Copy)"},"content":{"rendered":"<p>\u00ab Dans un trou de Hobbit vivait un Hobbit. \u00bb<br \/>\n \u2015 <span class=\"authorOrTitle\">J.R.R. Tolkien, Le Hobbit<\/span><span id=\"quote_book_link_5907\"><\/span><\/p>\n<p>Pour nos fans du Seigneur des Anneaux et du Hobbit, ne manquez pas cette magnifique maison de Hobbit. Elle constitue une superbe pi\u00e8ce d\u00e9corative pour tout fan, mais peut tout aussi bien \u00eatre utilis\u00e9e comme \u00e9l\u00e9ment de terrain pour les jeux de table LotR. <\/p>\n","protected":false},"excerpt":{"rendered":"<p>\u00ab Dans un trou de Hobbit vivait un Hobbit. \u00bb \u2015 J.R.R. Tolkien, Le Hobbit Pour nos fans du Seigneur des Anneaux et du Hobbit, ne manquez pas cette magnifique maison de Hobbit. Elle constitue une superbe pi\u00e8ce d\u00e9corative pour tout fan, mais peut tout aussi bien \u00eatre utilis\u00e9e comme \u00e9l\u00e9ment de terrain pour les [&hellip;]<\/p>\n","protected":false},"featured_media":23982,"template":"","meta":[],"product_brand":[],"product_cat":[106,113],"product_tag":[],"class_list":{"0":"post-23969","1":"product","2":"type-product","3":"status-publish","4":"has-post-thumbnail","6":"product_cat-diorama-fr","7":"product_cat-terrain-fr","9":"first","10":"instock","11":"taxable","12":"shipping-taxable","13":"purchasable","14":"product-type-simple"},"_links":{"self":[{"href":"https:\/\/nat20crafts.com\/fr\/wp-json\/wp\/v2\/product\/23969","targetHints":{"allow":["GET"]}}],"collection":[{"href":"https:\/\/nat20crafts.com\/fr\/wp-json\/wp\/v2\/product"}],"about":[{"href":"https:\/\/nat20crafts.com\/fr\/wp-json\/wp\/v2\/types\/product"}],"wp:featuredmedia":[{"embeddable":true,"href":"https:\/\/nat20crafts.com\/fr\/wp-json\/wp\/v2\/media\/23982"}],"wp:attachment":[{"href":"https:\/\/nat20crafts.com\/fr\/wp-json\/wp\/v2\/media?parent=23969"}],"wp:term":[{"taxonomy":"product_brand","embeddable":true,"href":"https:\/\/nat20crafts.com\/fr\/wp-json\/wp\/v2\/product_brand?post=23969"},{"taxonomy":"product_cat","embeddable":true,"href":"https:\/\/nat20crafts.com\/fr\/wp-json\/wp\/v2\/product_cat?post=23969"},{"taxonomy":"product_tag","embeddable":true,"href":"https:\/\/nat20crafts.com\/fr\/wp-json\/wp\/v2\/product_tag?post=23969"}],"curies":[{"name":"wp","href":"https:\/\/api.w.org\/{rel}","templated":true}]}}