{"id":22382,"date":"2025-08-18T16:42:01","date_gmt":"2025-08-18T16:42:01","guid":{"rendered":"https:\/\/nat20crafts.com\/faq\/"},"modified":"2025-09-10T16:00:17","modified_gmt":"2025-09-10T16:00:17","slug":"faq","status":"publish","type":"page","link":"https:\/\/nat20crafts.com\/it\/faq\/","title":{"rendered":"FAQ"},"content":{"rendered":"\t\t<div data-elementor-type=\"wp-page\" data-elementor-id=\"22382\" class=\"elementor elementor-22382 elementor-9\" data-elementor-post-type=\"page\">\n\t\t\t\t<div class=\"elementor-element elementor-element-4e5b4d44 e-flex e-con-boxed e-con e-parent\" data-id=\"4e5b4d44\" data-element_type=\"container\" data-e-type=\"container\">\n\t\t\t\t\t<div class=\"e-con-inner\">\n\t\t<div class=\"elementor-element elementor-element-95b4691 e-con-full e-flex e-con e-child\" data-id=\"95b4691\" data-element_type=\"container\" data-e-type=\"container\">\n\t\t\t\t<div class=\"elementor-element elementor-element-4cd5578 elementor-widget elementor-widget-heading\" data-id=\"4cd5578\" data-element_type=\"widget\" data-e-type=\"widget\" data-widget_type=\"heading.default\">\n\t\t\t\t\t<h1 class=\"elementor-heading-title elementor-size-default\">FAQ<\/h1>\t\t\t\t<\/div>\n\t\t\t\t<div class=\"elementor-element elementor-element-fcd074c elementor-widget elementor-widget-heading\" data-id=\"fcd074c\" data-element_type=\"widget\" data-e-type=\"widget\" data-widget_type=\"heading.default\">\n\t\t\t\t\t<h2 class=\"elementor-heading-title elementor-size-default\">SPEDIZIONE<\/h2>\t\t\t\t<\/div>\n\t\t\t\t<div class=\"elementor-element elementor-element-6d81382d elementor-widget__width-initial elementor-widget elementor-widget-text-editor\" data-id=\"6d81382d\" data-element_type=\"widget\" data-e-type=\"widget\" data-widget_type=\"text-editor.default\">\n\t\t\t\t\t\t\t\t\t<p><strong>Il mio ordine \u00e8 arrivato danneggiato. Cosa devo fare? <\/strong><\/p><p>Ti preghiamo di inviarci un&#8217;email a info@nat20crafts.com per segnalare il problema. Nel titolo dell&#8217;email includi il numero del tuo ordine e allega una foto chiara e ben illuminata dell&#8217;articolo. Inoltre, invia una foto dell&#8217;imballaggio cos\u00ec come \u00e8 arrivato.  <\/p><p><strong>Quando verr\u00e0 spedito il mio ordine?<\/strong><\/p><p>Attualmente tutti i nostri ordini vengono spediti il luned\u00ec e il venerd\u00ec. I tempi di spedizione variano a seconda di dove vivi. Durante i periodi di punta come il Natale, si prega di considerare 1-2 settimane extra per la spedizione.  <\/p><p><strong>Dove spedite?<\/strong><\/p><p>Spediamo quasi ovunque nel mondo. Avviso: A causa dell&#8217;incertezza in corso, attualmente non offriamo spedizioni negli Stati Uniti. <\/p><p><strong>Tutti gli ordini sono tracciati?<\/strong><\/p><p>S\u00ec.<\/p><p><strong>Dazi doganali e IVA all&#8217;importazione<\/strong><\/p><p>Quando si spedisce un pacco a livello internazionale, al destinatario potrebbe essere richiesto di pagare tasse di importazione, dazi doganali e altre tasse stabilite dal paese di destinazione. Questi oneri sono generalmente pagabili all&#8217;arrivo del pacco e sono responsabilit\u00e0 dell&#8217;acquirente. <\/p><p><strong>Pacco smarrito<\/strong><\/p><p>Se le informazioni di tracciamento non sono state aggiornate per un po&#8217;, contatta il tuo ufficio postale locale e chiedi loro di localizzare il tuo pacco. Molte aziende di consegna ti permettono anche di inviare una richiesta di ricerca online. Nella maggior parte dei casi, il pacco verr\u00e0 trovato a breve.  <\/p><p>Si prega di notare che le spedizioni internazionali possono impiegare fino a quattro settimane o pi\u00f9 per raggiungere la loro destinazione. Se il tuo pacco non \u00e8 arrivato dopo un mese dalla data di spedizione, ti preghiamo di contattarci a info@nat20crafts.com in modo che possiamo assisterti con una richiesta di risarcimento assicurativo. <\/p><p><strong>Il mio pacco \u00e8 stato contrassegnato come \u201cconsegnato\u201d ma non \u00e8 arrivato.<\/strong><\/p><p>Sfortunatamente, non possiamo assumerci la responsabilit\u00e0 per i pacchi contrassegnati come consegnati. Se il tuo tracciamento mostra la consegna ma non hai ricevuto il tuo pacco, contatta il tuo ufficio postale locale o il fornitore di servizi di consegna per verificare l&#8217;indirizzo di consegna. <\/p><p>A volte, i pacchi vengono lasciati a un vicino o in un punto meno evidente. Se ritieni che il tuo pacco sia stato rubato, ti consigliamo di presentare una denuncia alla polizia. <\/p>\t\t\t\t\t\t\t\t<\/div>\n\t\t\t\t<div class=\"elementor-element elementor-element-0e2bad8 elementor-widget elementor-widget-heading\" data-id=\"0e2bad8\" data-element_type=\"widget\" data-e-type=\"widget\" data-widget_type=\"heading.default\">\n\t\t\t\t\t<h2 class=\"elementor-heading-title elementor-size-default\">POLITICA DI RIMBORSO  RESO<\/h2>\t\t\t\t<\/div>\n\t\t\t\t<div class=\"elementor-element elementor-element-37d6015 elementor-widget__width-initial elementor-widget elementor-widget-text-editor\" data-id=\"37d6015\" data-element_type=\"widget\" data-e-type=\"widget\" data-widget_type=\"text-editor.default\">\n\t\t\t\t\t\t\t\t\t<h3 style=\"text-align: center;\">Ordini del negozio<\/h3><p><strong>Offrite resi? <\/strong><\/p><p>La nostra politica di reso consente i resi entro 14 giorni dalla data in cui il tuo ordine \u00e8 stato contrassegnato come consegnato. Dopo questo periodo, non siamo in grado di elaborare rimborsi o cambi. Per avere diritto a un reso, il tuo articolo deve essere inutilizzato e nelle sue condizioni originali.  <\/p><p>Si prega di notare che i costi di spedizione per il reso sono a carico del cliente e non sono rimborsabili. Se ti viene approvato un rimborso, il costo della spedizione di reso verr\u00e0 detratto dall&#8217;importo totale che ti verr\u00e0 restituito. <\/p><p><strong>Offrite cambi?<\/strong><\/p><p>I cambi diretti non sono disponibili, ma se desideri cambiare un articolo, restituisci semplicemente il tuo acquisto originale alle stesse condizioni indicate per i resi. Quindi effettua un nuovo ordine per l&#8217;articolo desiderato. Si prega di notare che sarai responsabile di eventuali costi di spedizione associati al reso.  <\/p><p><strong>Prodotto sbagliato o danneggiato<\/strong><\/p><p>Ti preghiamo di inviarci un&#8217;email a info@nat20crafts.com per segnalare il problema. Nel titolo dell&#8217;email includi il numero del tuo ordine e allega una foto chiara e ben illuminata dell&#8217;articolo. Inoltre, invia una foto dell&#8217;imballaggio cos\u00ec come \u00e8 arrivato.  <\/p><h3 style=\"text-align: center;\">Ordini su commissione<\/h3><p><strong>Offrite resi e\/o cambi?<\/strong><\/p><p>Resi e cambi non sono disponibili per gli ordini su commissione.<\/p><p><strong>Prodotto sbagliato o danneggiato<\/strong><\/p><p>Ti preghiamo di inviarci un&#8217;email a info@nat20crafts.com per segnalare il problema. Nel titolo dell&#8217;email includi il numero del tuo ordine e allega una foto chiara e ben illuminata dell&#8217;articolo. Inoltre, invia una foto dell&#8217;imballaggio cos\u00ec come \u00e8 arrivato.  <\/p>\t\t\t\t\t\t\t\t<\/div>\n\t\t\t\t<\/div>\n\t\t\t\t\t<\/div>\n\t\t\t\t<\/div>\n\t\t\t\t<\/div>\n\t\t","protected":false},"excerpt":{"rendered":"<p>FAQ SPEDIZIONE Il mio ordine \u00e8 arrivato danneggiato. Cosa devo fare? Ti preghiamo di inviarci un&#8217;email a info@nat20crafts.com per segnalare il problema. Nel titolo dell&#8217;email includi il numero del tuo ordine e allega una foto chiara e ben illuminata dell&#8217;articolo. Inoltre, invia una foto dell&#8217;imballaggio cos\u00ec come \u00e8 arrivato. Quando verr\u00e0 spedito il mio ordine? [&hellip;]<\/p>\n","protected":false},"author":1,"featured_media":0,"parent":0,"menu_order":0,"comment_status":"closed","ping_status":"closed","template":"elementor_header_footer","meta":{"footnotes":""},"class_list":["post-22382","page","type-page","status-publish","hentry"],"_links":{"self":[{"href":"https:\/\/nat20crafts.com\/it\/wp-json\/wp\/v2\/pages\/22382","targetHints":{"allow":["GET"]}}],"collection":[{"href":"https:\/\/nat20crafts.com\/it\/wp-json\/wp\/v2\/pages"}],"about":[{"href":"https:\/\/nat20crafts.com\/it\/wp-json\/wp\/v2\/types\/page"}],"author":[{"embeddable":true,"href":"https:\/\/nat20crafts.com\/it\/wp-json\/wp\/v2\/users\/1"}],"replies":[{"embeddable":true,"href":"https:\/\/nat20crafts.com\/it\/wp-json\/wp\/v2\/comments?post=22382"}],"version-history":[{"count":2,"href":"https:\/\/nat20crafts.com\/it\/wp-json\/wp\/v2\/pages\/22382\/revisions"}],"predecessor-version":[{"id":22892,"href":"https:\/\/nat20crafts.com\/it\/wp-json\/wp\/v2\/pages\/22382\/revisions\/22892"}],"wp:attachment":[{"href":"https:\/\/nat20crafts.com\/it\/wp-json\/wp\/v2\/media?parent=22382"}],"curies":[{"name":"wp","href":"https:\/\/api.w.org\/{rel}","templated":true}]}}