{"id":23315,"date":"2025-09-30T14:05:57","date_gmt":"2025-09-30T14:05:57","guid":{"rendered":"https:\/\/nat20crafts.com\/?post_type=product&#038;p=23315"},"modified":"2025-09-30T14:14:04","modified_gmt":"2025-09-30T14:14:04","slug":"terreno-di-rovine-invaso-dalla-vegetazione-copy","status":"publish","type":"product","link":"https:\/\/nat20crafts.com\/it\/shop\/terreno-di-rovine-invaso-dalla-vegetazione-copy\/","title":{"rendered":"Albero singolo"},"content":{"rendered":"<p><span style=\"font-weight: 400;\">Questo albero singolo \u00e8 pi\u00f9 di un semplice elemento del terreno: \u00e8 un luogo dove i bardi possono intonare una melodia dai suoi robusti rami o dove i ladri possono arrampicarsi e preparare l&#8217;imboscata perfetta. Perfetto per D&amp;D, giochi di ruolo o wargame, aggiunge profondit\u00e0, copertura e narrazione al tuo tavolo da gioco. <\/span><\/p>\n","protected":false},"excerpt":{"rendered":"<p>Questo albero singolo \u00e8 pi\u00f9 di un semplice elemento del terreno: \u00e8 un luogo dove i bardi possono intonare una melodia dai suoi robusti rami o dove i ladri possono arrampicarsi e preparare l&#8217;imboscata perfetta. Perfetto per D&amp;D, giochi di ruolo o wargame, aggiunge profondit\u00e0, copertura e narrazione al tuo tavolo da gioco.<\/p>\n","protected":false},"featured_media":23304,"template":"","meta":[],"product_brand":[],"product_cat":[111],"product_tag":[],"class_list":{"0":"post-23315","1":"product","2":"type-product","3":"status-publish","4":"has-post-thumbnail","6":"product_cat-elementi-scenici","8":"first","9":"instock","10":"taxable","11":"shipping-taxable","12":"purchasable","13":"product-type-simple"},"_links":{"self":[{"href":"https:\/\/nat20crafts.com\/it\/wp-json\/wp\/v2\/product\/23315","targetHints":{"allow":["GET"]}}],"collection":[{"href":"https:\/\/nat20crafts.com\/it\/wp-json\/wp\/v2\/product"}],"about":[{"href":"https:\/\/nat20crafts.com\/it\/wp-json\/wp\/v2\/types\/product"}],"wp:featuredmedia":[{"embeddable":true,"href":"https:\/\/nat20crafts.com\/it\/wp-json\/wp\/v2\/media\/23304"}],"wp:attachment":[{"href":"https:\/\/nat20crafts.com\/it\/wp-json\/wp\/v2\/media?parent=23315"}],"wp:term":[{"taxonomy":"product_brand","embeddable":true,"href":"https:\/\/nat20crafts.com\/it\/wp-json\/wp\/v2\/product_brand?post=23315"},{"taxonomy":"product_cat","embeddable":true,"href":"https:\/\/nat20crafts.com\/it\/wp-json\/wp\/v2\/product_cat?post=23315"},{"taxonomy":"product_tag","embeddable":true,"href":"https:\/\/nat20crafts.com\/it\/wp-json\/wp\/v2\/product_tag?post=23315"}],"curies":[{"name":"wp","href":"https:\/\/api.w.org\/{rel}","templated":true}]}}